{"id":67313,"date":"2026-02-05T10:28:27","date_gmt":"2026-02-05T14:28:27","guid":{"rendered":"https:\/\/zzcontigoca.com\/tumeremo\/?post_type=product&#038;p=67313"},"modified":"2026-04-23T18:52:07","modified_gmt":"2026-04-23T22:52:07","slug":"cuna-ciguenal-cg150-zz","status":"publish","type":"product","link":"https:\/\/zzcontigoca.com\/tumeremo\/producto\/cuna-ciguenal-cg150-zz\/","title":{"rendered":"Cu\u00f1a Cigue\u00f1al CG150-ZZ"},"content":{"rendered":"<p>Cu\u00f1a Cigue\u00f1al CG150-ZZ<\/p>\n","protected":false},"excerpt":{"rendered":"<p>Cu\u00f1a Cigue\u00f1al CG150-ZZ<\/p>\n","protected":false},"featured_media":0,"comment_status":"open","ping_status":"closed","template":"","meta":{"inline_featured_image":false},"product_cat":[4136],"product_tag":[8623],"class_list":{"0":"post-67313","1":"product","2":"type-product","3":"status-publish","5":"product_brand-zz","6":"product_cat-repuestos-para-motos","7":"product_tag-cuna-ciguenal-cg150-zz","9":"first","10":"instock","11":"shipping-taxable","12":"purchasable","13":"product-type-simple"},"_links":{"self":[{"href":"https:\/\/zzcontigoca.com\/tumeremo\/wp-json\/wp\/v2\/product\/67313","targetHints":{"allow":["GET"]}}],"collection":[{"href":"https:\/\/zzcontigoca.com\/tumeremo\/wp-json\/wp\/v2\/product"}],"about":[{"href":"https:\/\/zzcontigoca.com\/tumeremo\/wp-json\/wp\/v2\/types\/product"}],"replies":[{"embeddable":true,"href":"https:\/\/zzcontigoca.com\/tumeremo\/wp-json\/wp\/v2\/comments?post=67313"}],"wp:attachment":[{"href":"https:\/\/zzcontigoca.com\/tumeremo\/wp-json\/wp\/v2\/media?parent=67313"}],"wp:term":[{"taxonomy":"product_cat","embeddable":true,"href":"https:\/\/zzcontigoca.com\/tumeremo\/wp-json\/wp\/v2\/product_cat?post=67313"},{"taxonomy":"product_tag","embeddable":true,"href":"https:\/\/zzcontigoca.com\/tumeremo\/wp-json\/wp\/v2\/product_tag?post=67313"}],"curies":[{"name":"wp","href":"https:\/\/api.w.org\/{rel}","templated":true}]}}