{"id":30066,"date":"2025-08-22T03:41:35","date_gmt":"2025-08-22T01:41:35","guid":{"rendered":"https:\/\/zzcontigoca.com\/tumeremo\/?post_type=product&#038;p=30066"},"modified":"2026-04-06T09:32:48","modified_gmt":"2026-04-06T13:32:48","slug":"valvulas-zz-cg200-pata-corta-aguila","status":"publish","type":"product","link":"https:\/\/zzcontigoca.com\/tumeremo\/producto\/valvulas-zz-cg200-pata-corta-aguila\/","title":{"rendered":"V\u00e1lvulas ZZ-CG200 Pata Corta \u00c1guila"},"content":{"rendered":"<p>V\u00e1lvulas ZZ-CG200 Pata Corta \u00c1guila<\/p>\n","protected":false},"excerpt":{"rendered":"<p>V\u00e1lvulas ZZ-CG200 Pata Corta \u00c1guila<\/p>\n","protected":false},"featured_media":30109,"comment_status":"open","ping_status":"closed","template":"","meta":{"inline_featured_image":false},"product_cat":[4136],"product_tag":[7173],"class_list":{"0":"post-30066","1":"product","2":"type-product","3":"status-publish","4":"has-post-thumbnail","6":"product_brand-aguila","7":"product_cat-repuestos-para-motos","8":"product_tag-valvulas-zz-cg200-pata-corta-aguila","10":"first","11":"instock","12":"sale","13":"shipping-taxable","14":"purchasable","15":"product-type-simple"},"_links":{"self":[{"href":"https:\/\/zzcontigoca.com\/tumeremo\/wp-json\/wp\/v2\/product\/30066","targetHints":{"allow":["GET"]}}],"collection":[{"href":"https:\/\/zzcontigoca.com\/tumeremo\/wp-json\/wp\/v2\/product"}],"about":[{"href":"https:\/\/zzcontigoca.com\/tumeremo\/wp-json\/wp\/v2\/types\/product"}],"replies":[{"embeddable":true,"href":"https:\/\/zzcontigoca.com\/tumeremo\/wp-json\/wp\/v2\/comments?post=30066"}],"wp:featuredmedia":[{"embeddable":true,"href":"https:\/\/zzcontigoca.com\/tumeremo\/wp-json\/wp\/v2\/media\/30109"}],"wp:attachment":[{"href":"https:\/\/zzcontigoca.com\/tumeremo\/wp-json\/wp\/v2\/media?parent=30066"}],"wp:term":[{"taxonomy":"product_cat","embeddable":true,"href":"https:\/\/zzcontigoca.com\/tumeremo\/wp-json\/wp\/v2\/product_cat?post=30066"},{"taxonomy":"product_tag","embeddable":true,"href":"https:\/\/zzcontigoca.com\/tumeremo\/wp-json\/wp\/v2\/product_tag?post=30066"}],"curies":[{"name":"wp","href":"https:\/\/api.w.org\/{rel}","templated":true}]}}