{"id":27543,"date":"2025-08-22T02:28:45","date_gmt":"2025-08-22T00:28:45","guid":{"rendered":"https:\/\/zzcontigoca.com\/tumeremo\/?post_type=product&#038;p=27543"},"modified":"2025-08-22T02:30:26","modified_gmt":"2025-08-22T00:30:26","slug":"valvulas-acerada-zz-cg200-cuna-corta-calidad-de-ensamblaje-ammark","status":"publish","type":"product","link":"https:\/\/zzcontigoca.com\/tumeremo\/producto\/valvulas-acerada-zz-cg200-cuna-corta-calidad-de-ensamblaje-ammark\/","title":{"rendered":"V\u00e1lvulas Acerada ZZ-CG200 Cu\u00f1a Corta Calidad De Ensamblaje Ammark"},"content":{"rendered":"<p>V\u00e1lvulas Acerada ZZ-CG200 Cu\u00f1a Corta Calidad De Ensamblaje Ammark<\/p>\n","protected":false},"excerpt":{"rendered":"<p>V\u00e1lvulas Acerada ZZ-CG200 Cu\u00f1a Corta Calidad De Ensamblaje Ammark<\/p>\n","protected":false},"featured_media":27593,"comment_status":"open","ping_status":"closed","template":"","meta":{"inline_featured_image":false},"product_cat":[4143,4136],"product_tag":[5669],"class_list":{"0":"post-27543","1":"product","2":"type-product","3":"status-publish","4":"has-post-thumbnail","6":"product_brand-ammark","7":"product_cat-motor","8":"product_cat-repuestos-para-motos","9":"product_tag-valvulas-acerada-zz-cg200-cuna-corta-calidad-de-ensamblaje-ammark","11":"first","12":"outofstock","13":"shipping-taxable","14":"purchasable","15":"product-type-simple"},"_links":{"self":[{"href":"https:\/\/zzcontigoca.com\/tumeremo\/wp-json\/wp\/v2\/product\/27543","targetHints":{"allow":["GET"]}}],"collection":[{"href":"https:\/\/zzcontigoca.com\/tumeremo\/wp-json\/wp\/v2\/product"}],"about":[{"href":"https:\/\/zzcontigoca.com\/tumeremo\/wp-json\/wp\/v2\/types\/product"}],"replies":[{"embeddable":true,"href":"https:\/\/zzcontigoca.com\/tumeremo\/wp-json\/wp\/v2\/comments?post=27543"}],"wp:featuredmedia":[{"embeddable":true,"href":"https:\/\/zzcontigoca.com\/tumeremo\/wp-json\/wp\/v2\/media\/27593"}],"wp:attachment":[{"href":"https:\/\/zzcontigoca.com\/tumeremo\/wp-json\/wp\/v2\/media?parent=27543"}],"wp:term":[{"taxonomy":"product_cat","embeddable":true,"href":"https:\/\/zzcontigoca.com\/tumeremo\/wp-json\/wp\/v2\/product_cat?post=27543"},{"taxonomy":"product_tag","embeddable":true,"href":"https:\/\/zzcontigoca.com\/tumeremo\/wp-json\/wp\/v2\/product_tag?post=27543"}],"curies":[{"name":"wp","href":"https:\/\/api.w.org\/{rel}","templated":true}]}}