{"id":24912,"date":"2025-08-22T01:08:05","date_gmt":"2025-08-21T23:08:05","guid":{"rendered":"https:\/\/zzcontigoca.com\/tumeremo\/?post_type=product&#038;p=24912"},"modified":"2025-08-22T01:09:25","modified_gmt":"2025-08-21T23:09:25","slug":"hoja-de-segueta-bimetal-12-14t-ingco","status":"publish","type":"product","link":"https:\/\/zzcontigoca.com\/tumeremo\/producto\/hoja-de-segueta-bimetal-12-14t-ingco\/","title":{"rendered":"Hoja De Segueta Bimetal 12\u00bb 14T INGCO"},"content":{"rendered":"<p>Hoja De Segueta Bimetal 12\u00bb 14T INGCO c\u00f3d. INGCO\u00a0 HSBB2224B<\/p>\n","protected":false},"excerpt":{"rendered":"<p>Tama\u00f1o: 12\u201d Pulgadas (300mm)<br \/>\nN\u00famero de dientes: 18T<br \/>\nCantidad: 1pc<br \/>\nMaterial: M2+D6A<\/p>\n<p>Dientes ondulados de acero de alta velocidad para un m\u00e1ximo rendimiento de corte.<br \/>\nCuerpo de resorte de acero para ser flexible, seguro y de larga duraci\u00f3n.<br \/>\nResistente a roturas y vida \u00fatil prolongada.<\/p>\n<p>IDEAL PARA CORTAR VARIEDAD DE MATERIALES &#8211; Incluyendo acero, tuber\u00eda, madera, \u00e1ngulos, varilla de perforaci\u00f3n<\/p>\n","protected":false},"featured_media":24962,"comment_status":"open","ping_status":"closed","template":"","meta":{"inline_featured_image":false},"product_cat":[4269],"product_tag":[4663],"class_list":{"0":"post-24912","1":"product","2":"type-product","3":"status-publish","4":"has-post-thumbnail","6":"product_brand-ingco","7":"product_cat-herramientas","8":"product_tag-hoja-de-segueta","10":"first","11":"instock","12":"shipping-taxable","13":"purchasable","14":"product-type-simple"},"_links":{"self":[{"href":"https:\/\/zzcontigoca.com\/tumeremo\/wp-json\/wp\/v2\/product\/24912","targetHints":{"allow":["GET"]}}],"collection":[{"href":"https:\/\/zzcontigoca.com\/tumeremo\/wp-json\/wp\/v2\/product"}],"about":[{"href":"https:\/\/zzcontigoca.com\/tumeremo\/wp-json\/wp\/v2\/types\/product"}],"replies":[{"embeddable":true,"href":"https:\/\/zzcontigoca.com\/tumeremo\/wp-json\/wp\/v2\/comments?post=24912"}],"wp:featuredmedia":[{"embeddable":true,"href":"https:\/\/zzcontigoca.com\/tumeremo\/wp-json\/wp\/v2\/media\/24962"}],"wp:attachment":[{"href":"https:\/\/zzcontigoca.com\/tumeremo\/wp-json\/wp\/v2\/media?parent=24912"}],"wp:term":[{"taxonomy":"product_cat","embeddable":true,"href":"https:\/\/zzcontigoca.com\/tumeremo\/wp-json\/wp\/v2\/product_cat?post=24912"},{"taxonomy":"product_tag","embeddable":true,"href":"https:\/\/zzcontigoca.com\/tumeremo\/wp-json\/wp\/v2\/product_tag?post=24912"}],"curies":[{"name":"wp","href":"https:\/\/api.w.org\/{rel}","templated":true}]}}