{"id":24810,"date":"2025-08-22T01:05:00","date_gmt":"2025-08-21T23:05:00","guid":{"rendered":"https:\/\/zzcontigoca.com\/tumeremo\/?post_type=product&#038;p=24810"},"modified":"2025-08-22T01:06:27","modified_gmt":"2025-08-21T23:06:27","slug":"set-de-3-alicates-industrial-678-ingco","status":"publish","type":"product","link":"https:\/\/zzcontigoca.com\/tumeremo\/producto\/set-de-3-alicates-industrial-678-ingco\/","title":{"rendered":"Set De 3 Alicates Industrial (6&#8243;,7&#8243;,8&#8243;) INGCO"},"content":{"rendered":"<p>Set De 3 Alicates Industrial (6&#8243;,7&#8243;,8&#8243;) INGCO COD HKHLPS2831<\/p>\n","protected":false},"excerpt":{"rendered":"<p><span class=\"a-list-item\">*Material: el cuerpo de los alicates est\u00e1 hecho de acero CR-V de alta calidad, con tratamiento t\u00e9rmico general, mayor dureza y larga vida \u00fatil.<\/span><span class=\"a-list-item\">Tecnolog\u00eda de producci\u00f3n: doble tratamiento *t\u00e9rmico del borde de corte, m\u00e1s duro, procesamiento CNC de borde de corte, m\u00e1s delgado, ahorro de mano de obra 30%, m\u00e1s c\u00f3modo de usar.\u00a0<\/span><\/p>\n<p><span class=\"a-list-item\">*Mango c\u00f3modo: mango TPR, antideslizante y resistente al desgaste. El dise\u00f1o de mango ampliado hace que el agarre sea m\u00e1s c\u00f3modo. Se puede abrir f\u00e1cilmente con una sola mano, f\u00e1cil de usar.<\/span><\/p>\n","protected":false},"featured_media":24862,"comment_status":"open","ping_status":"closed","template":"","meta":{"inline_featured_image":false},"product_cat":[4269],"product_tag":[4647],"class_list":{"0":"post-24810","1":"product","2":"type-product","3":"status-publish","4":"has-post-thumbnail","6":"product_brand-ingco","7":"product_cat-herramientas","8":"product_tag-set-de-alicate","10":"first","11":"instock","12":"shipping-taxable","13":"purchasable","14":"product-type-simple"},"_links":{"self":[{"href":"https:\/\/zzcontigoca.com\/tumeremo\/wp-json\/wp\/v2\/product\/24810","targetHints":{"allow":["GET"]}}],"collection":[{"href":"https:\/\/zzcontigoca.com\/tumeremo\/wp-json\/wp\/v2\/product"}],"about":[{"href":"https:\/\/zzcontigoca.com\/tumeremo\/wp-json\/wp\/v2\/types\/product"}],"replies":[{"embeddable":true,"href":"https:\/\/zzcontigoca.com\/tumeremo\/wp-json\/wp\/v2\/comments?post=24810"}],"wp:featuredmedia":[{"embeddable":true,"href":"https:\/\/zzcontigoca.com\/tumeremo\/wp-json\/wp\/v2\/media\/24862"}],"wp:attachment":[{"href":"https:\/\/zzcontigoca.com\/tumeremo\/wp-json\/wp\/v2\/media?parent=24810"}],"wp:term":[{"taxonomy":"product_cat","embeddable":true,"href":"https:\/\/zzcontigoca.com\/tumeremo\/wp-json\/wp\/v2\/product_cat?post=24810"},{"taxonomy":"product_tag","embeddable":true,"href":"https:\/\/zzcontigoca.com\/tumeremo\/wp-json\/wp\/v2\/product_tag?post=24810"}],"curies":[{"name":"wp","href":"https:\/\/api.w.org\/{rel}","templated":true}]}}