{"id":24795,"date":"2025-08-22T01:04:36","date_gmt":"2025-08-21T23:04:36","guid":{"rendered":"https:\/\/zzcontigoca.com\/tumeremo\/?post_type=product&#038;p=24795"},"modified":"2025-08-22T01:06:00","modified_gmt":"2025-08-21T23:06:00","slug":"juego-de-llave-torx-de-bolsillo-t9-a-t40-hhk14083","status":"publish","type":"product","link":"https:\/\/zzcontigoca.com\/tumeremo\/producto\/juego-de-llave-torx-de-bolsillo-t9-a-t40-hhk14083\/","title":{"rendered":"Juego De LLave Torx De Bolsillo T9 A T40  HHK14083"},"content":{"rendered":"<p>Juego De LLave Torx De Bolsillo T9 A T40 cod HHK14083<\/p>\n","protected":false},"excerpt":{"rendered":"<p>Juego de llaves torx de 8 pzas (bolsillo) Tama\u00f1o: T9-T40 Material: Cr-V Tratamiento t\u00e9rmico y placa de cromo Embalado por percha de pl\u00e1stico<\/p>\n","protected":false},"featured_media":24847,"comment_status":"open","ping_status":"closed","template":"","meta":{"inline_featured_image":false},"product_cat":[4269],"product_tag":[4642],"class_list":{"0":"post-24795","1":"product","2":"type-product","3":"status-publish","4":"has-post-thumbnail","6":"product_brand-ingco","7":"product_cat-herramientas","8":"product_tag-juego-de-llaves","10":"first","11":"instock","12":"shipping-taxable","13":"purchasable","14":"product-type-simple"},"_links":{"self":[{"href":"https:\/\/zzcontigoca.com\/tumeremo\/wp-json\/wp\/v2\/product\/24795","targetHints":{"allow":["GET"]}}],"collection":[{"href":"https:\/\/zzcontigoca.com\/tumeremo\/wp-json\/wp\/v2\/product"}],"about":[{"href":"https:\/\/zzcontigoca.com\/tumeremo\/wp-json\/wp\/v2\/types\/product"}],"replies":[{"embeddable":true,"href":"https:\/\/zzcontigoca.com\/tumeremo\/wp-json\/wp\/v2\/comments?post=24795"}],"wp:featuredmedia":[{"embeddable":true,"href":"https:\/\/zzcontigoca.com\/tumeremo\/wp-json\/wp\/v2\/media\/24847"}],"wp:attachment":[{"href":"https:\/\/zzcontigoca.com\/tumeremo\/wp-json\/wp\/v2\/media?parent=24795"}],"wp:term":[{"taxonomy":"product_cat","embeddable":true,"href":"https:\/\/zzcontigoca.com\/tumeremo\/wp-json\/wp\/v2\/product_cat?post=24795"},{"taxonomy":"product_tag","embeddable":true,"href":"https:\/\/zzcontigoca.com\/tumeremo\/wp-json\/wp\/v2\/product_tag?post=24795"}],"curies":[{"name":"wp","href":"https:\/\/api.w.org\/{rel}","templated":true}]}}