{"id":23510,"date":"2025-08-22T00:12:00","date_gmt":"2025-08-21T22:12:00","guid":{"rendered":"https:\/\/zzcontigoca.com\/tumeremo\/?post_type=product&#038;p=23510"},"modified":"2025-08-22T00:14:18","modified_gmt":"2025-08-21T22:14:18","slug":"acrilico-tapa-protector-de-tacometro-zz-a2-negro","status":"publish","type":"product","link":"https:\/\/zzcontigoca.com\/tumeremo\/producto\/acrilico-tapa-protector-de-tacometro-zz-a2-negro\/","title":{"rendered":"Acr\u00edlico Tapa Protector De Tac\u00f3metro ZZ-A2 Negro"},"content":{"rendered":"<p>Acr\u00edlico Tapa Protector De Tac\u00f3metro ZZ-A2 Negro<\/p>\n","protected":false},"excerpt":{"rendered":"<p>Acr\u00edlico Tapa Protector De Tac\u00f3metro ZZ-A2 Negro<\/p>\n","protected":false},"featured_media":23564,"comment_status":"open","ping_status":"closed","template":"","meta":{"inline_featured_image":false},"product_cat":[4157],"product_tag":[4577],"class_list":{"0":"post-23510","1":"product","2":"type-product","3":"status-publish","4":"has-post-thumbnail","6":"product_cat-accesorios-motos","7":"product_tag-acrilico-tacometro","9":"first","10":"instock","11":"shipping-taxable","12":"purchasable","13":"product-type-simple"},"_links":{"self":[{"href":"https:\/\/zzcontigoca.com\/tumeremo\/wp-json\/wp\/v2\/product\/23510","targetHints":{"allow":["GET"]}}],"collection":[{"href":"https:\/\/zzcontigoca.com\/tumeremo\/wp-json\/wp\/v2\/product"}],"about":[{"href":"https:\/\/zzcontigoca.com\/tumeremo\/wp-json\/wp\/v2\/types\/product"}],"replies":[{"embeddable":true,"href":"https:\/\/zzcontigoca.com\/tumeremo\/wp-json\/wp\/v2\/comments?post=23510"}],"wp:featuredmedia":[{"embeddable":true,"href":"https:\/\/zzcontigoca.com\/tumeremo\/wp-json\/wp\/v2\/media\/23564"}],"wp:attachment":[{"href":"https:\/\/zzcontigoca.com\/tumeremo\/wp-json\/wp\/v2\/media?parent=23510"}],"wp:term":[{"taxonomy":"product_cat","embeddable":true,"href":"https:\/\/zzcontigoca.com\/tumeremo\/wp-json\/wp\/v2\/product_cat?post=23510"},{"taxonomy":"product_tag","embeddable":true,"href":"https:\/\/zzcontigoca.com\/tumeremo\/wp-json\/wp\/v2\/product_tag?post=23510"}],"curies":[{"name":"wp","href":"https:\/\/api.w.org\/{rel}","templated":true}]}}