{"id":21414,"date":"2025-08-21T22:53:30","date_gmt":"2025-08-21T20:53:30","guid":{"rendered":"https:\/\/zzcontigoca.com\/tumeremo\/?post_type=product&#038;p=21414"},"modified":"2025-08-21T22:54:51","modified_gmt":"2025-08-21T20:54:51","slug":"valvulas-zz-cg150-cuna-larga-jp","status":"publish","type":"product","link":"https:\/\/zzcontigoca.com\/tumeremo\/producto\/valvulas-zz-cg150-cuna-larga-jp\/","title":{"rendered":"V\u00e1lvulas ZZ-CG150 Cu\u00f1a Larga JP"},"content":{"rendered":"<p>V\u00e1lvulas ZZ-CG150 Cu\u00f1a Larga JP<\/p>\n","protected":false},"excerpt":{"rendered":"<p>V\u00e1lvulas ZZ-CG150 Cu\u00f1a Larga JP<\/p>\n","protected":false},"featured_media":21462,"comment_status":"open","ping_status":"closed","template":"","meta":{"inline_featured_image":false},"product_cat":[4143,4136],"product_tag":[4232],"class_list":{"0":"post-21414","1":"product","2":"type-product","3":"status-publish","4":"has-post-thumbnail","6":"product_cat-motor","7":"product_cat-repuestos-para-motos","8":"product_tag-valvula","10":"first","11":"outofstock","12":"shipping-taxable","13":"purchasable","14":"product-type-simple"},"_links":{"self":[{"href":"https:\/\/zzcontigoca.com\/tumeremo\/wp-json\/wp\/v2\/product\/21414","targetHints":{"allow":["GET"]}}],"collection":[{"href":"https:\/\/zzcontigoca.com\/tumeremo\/wp-json\/wp\/v2\/product"}],"about":[{"href":"https:\/\/zzcontigoca.com\/tumeremo\/wp-json\/wp\/v2\/types\/product"}],"replies":[{"embeddable":true,"href":"https:\/\/zzcontigoca.com\/tumeremo\/wp-json\/wp\/v2\/comments?post=21414"}],"wp:featuredmedia":[{"embeddable":true,"href":"https:\/\/zzcontigoca.com\/tumeremo\/wp-json\/wp\/v2\/media\/21462"}],"wp:attachment":[{"href":"https:\/\/zzcontigoca.com\/tumeremo\/wp-json\/wp\/v2\/media?parent=21414"}],"wp:term":[{"taxonomy":"product_cat","embeddable":true,"href":"https:\/\/zzcontigoca.com\/tumeremo\/wp-json\/wp\/v2\/product_cat?post=21414"},{"taxonomy":"product_tag","embeddable":true,"href":"https:\/\/zzcontigoca.com\/tumeremo\/wp-json\/wp\/v2\/product_tag?post=21414"}],"curies":[{"name":"wp","href":"https:\/\/api.w.org\/{rel}","templated":true}]}}