{"id":21411,"date":"2025-08-21T22:53:30","date_gmt":"2025-08-21T20:53:30","guid":{"rendered":"https:\/\/zzcontigoca.com\/tumeremo\/?post_type=product&#038;p=21411"},"modified":"2026-03-08T10:58:37","modified_gmt":"2026-03-08T14:58:37","slug":"valvulas-zz-h1-cuna-cortas-ammark","status":"publish","type":"product","link":"https:\/\/zzcontigoca.com\/tumeremo\/producto\/valvulas-zz-h1-cuna-cortas-ammark\/","title":{"rendered":"V\u00e1lvulas ZZ-H1 Cu\u00f1a Cortas Ammark"},"content":{"rendered":"<p>V\u00e1lvulas ZZ-H1 Cu\u00f1a Cortas Ammark<\/p>\n","protected":false},"excerpt":{"rendered":"<p>V\u00e1lvulas ZZ-H1 Cu\u00f1a Cortas Ammark<\/p>\n","protected":false},"featured_media":21461,"comment_status":"open","ping_status":"closed","template":"","meta":{"inline_featured_image":false},"product_cat":[4143,4136],"product_tag":[4232],"class_list":{"0":"post-21411","1":"product","2":"type-product","3":"status-publish","4":"has-post-thumbnail","6":"product_brand-ammark","7":"product_cat-motor","8":"product_cat-repuestos-para-motos","9":"product_tag-valvula","11":"first","12":"instock","13":"sale","14":"shipping-taxable","15":"purchasable","16":"product-type-simple"},"_links":{"self":[{"href":"https:\/\/zzcontigoca.com\/tumeremo\/wp-json\/wp\/v2\/product\/21411","targetHints":{"allow":["GET"]}}],"collection":[{"href":"https:\/\/zzcontigoca.com\/tumeremo\/wp-json\/wp\/v2\/product"}],"about":[{"href":"https:\/\/zzcontigoca.com\/tumeremo\/wp-json\/wp\/v2\/types\/product"}],"replies":[{"embeddable":true,"href":"https:\/\/zzcontigoca.com\/tumeremo\/wp-json\/wp\/v2\/comments?post=21411"}],"wp:featuredmedia":[{"embeddable":true,"href":"https:\/\/zzcontigoca.com\/tumeremo\/wp-json\/wp\/v2\/media\/21461"}],"wp:attachment":[{"href":"https:\/\/zzcontigoca.com\/tumeremo\/wp-json\/wp\/v2\/media?parent=21411"}],"wp:term":[{"taxonomy":"product_cat","embeddable":true,"href":"https:\/\/zzcontigoca.com\/tumeremo\/wp-json\/wp\/v2\/product_cat?post=21411"},{"taxonomy":"product_tag","embeddable":true,"href":"https:\/\/zzcontigoca.com\/tumeremo\/wp-json\/wp\/v2\/product_tag?post=21411"}],"curies":[{"name":"wp","href":"https:\/\/api.w.org\/{rel}","templated":true}]}}