{"id":21395,"date":"2025-08-21T22:53:05","date_gmt":"2025-08-21T20:53:05","guid":{"rendered":"https:\/\/zzcontigoca.com\/tumeremo\/?post_type=product&#038;p=21395"},"modified":"2025-08-21T22:54:25","modified_gmt":"2025-08-21T20:54:25","slug":"valvulas-acerada-zz-cg150-cuna-larga-calidad-de-ensamblaje-ammark","status":"publish","type":"product","link":"https:\/\/zzcontigoca.com\/tumeremo\/producto\/valvulas-acerada-zz-cg150-cuna-larga-calidad-de-ensamblaje-ammark\/","title":{"rendered":"V\u00e1lvulas Acerada ZZ-CG150 Cu\u00f1a Larga Calidad De Ensamblaje Ammark"},"content":{"rendered":"<p>V\u00e1lvulas Acerada ZZ-CG150 Cu\u00f1a Larga Calidad De Ensamblaje Ammark<\/p>\n","protected":false},"excerpt":{"rendered":"<p>V\u00e1lvulas Acerada ZZ-CG150 Cu\u00f1a Larga Calidad De Ensamblaje Ammark<\/p>\n","protected":false},"featured_media":21447,"comment_status":"open","ping_status":"closed","template":"","meta":{"inline_featured_image":false},"product_cat":[4143,4136],"product_tag":[4232],"class_list":{"0":"post-21395","1":"product","2":"type-product","3":"status-publish","4":"has-post-thumbnail","6":"product_brand-ammark","7":"product_cat-motor","8":"product_cat-repuestos-para-motos","9":"product_tag-valvula","11":"first","12":"instock","13":"shipping-taxable","14":"purchasable","15":"product-type-simple"},"_links":{"self":[{"href":"https:\/\/zzcontigoca.com\/tumeremo\/wp-json\/wp\/v2\/product\/21395","targetHints":{"allow":["GET"]}}],"collection":[{"href":"https:\/\/zzcontigoca.com\/tumeremo\/wp-json\/wp\/v2\/product"}],"about":[{"href":"https:\/\/zzcontigoca.com\/tumeremo\/wp-json\/wp\/v2\/types\/product"}],"replies":[{"embeddable":true,"href":"https:\/\/zzcontigoca.com\/tumeremo\/wp-json\/wp\/v2\/comments?post=21395"}],"wp:featuredmedia":[{"embeddable":true,"href":"https:\/\/zzcontigoca.com\/tumeremo\/wp-json\/wp\/v2\/media\/21447"}],"wp:attachment":[{"href":"https:\/\/zzcontigoca.com\/tumeremo\/wp-json\/wp\/v2\/media?parent=21395"}],"wp:term":[{"taxonomy":"product_cat","embeddable":true,"href":"https:\/\/zzcontigoca.com\/tumeremo\/wp-json\/wp\/v2\/product_cat?post=21395"},{"taxonomy":"product_tag","embeddable":true,"href":"https:\/\/zzcontigoca.com\/tumeremo\/wp-json\/wp\/v2\/product_tag?post=21395"}],"curies":[{"name":"wp","href":"https:\/\/api.w.org\/{rel}","templated":true}]}}