{"id":21347,"date":"2025-08-21T22:51:51","date_gmt":"2025-08-21T20:51:51","guid":{"rendered":"https:\/\/zzcontigoca.com\/tumeremo\/?post_type=product&#038;p=21347"},"modified":"2025-08-21T22:52:59","modified_gmt":"2025-08-21T20:52:59","slug":"pinon-de-ciguenal-cuna-zz-ow-aguila","status":"publish","type":"product","link":"https:\/\/zzcontigoca.com\/tumeremo\/producto\/pinon-de-ciguenal-cuna-zz-ow-aguila\/","title":{"rendered":"Pi\u00f1on De Cigue\u00f1al Cu\u00f1a ZZ-OW Aguila"},"content":{"rendered":"<p>Pi\u00f1on De Cigue\u00f1al Cu\u00f1a ZZ-OW Aguila<\/p>\n","protected":false},"excerpt":{"rendered":"<p>Pi\u00f1on De Cigue\u00f1al Cu\u00f1a ZZ-OW Aguila<\/p>\n","protected":false},"featured_media":21390,"comment_status":"open","ping_status":"closed","template":"","meta":{"inline_featured_image":false},"product_cat":[4143,4136],"product_tag":[4412],"class_list":{"0":"post-21347","1":"product","2":"type-product","3":"status-publish","4":"has-post-thumbnail","6":"product_brand-aguila","7":"product_cat-motor","8":"product_cat-repuestos-para-motos","9":"product_tag-pinon-de-ciguenal","11":"first","12":"instock","13":"shipping-taxable","14":"purchasable","15":"product-type-simple"},"_links":{"self":[{"href":"https:\/\/zzcontigoca.com\/tumeremo\/wp-json\/wp\/v2\/product\/21347","targetHints":{"allow":["GET"]}}],"collection":[{"href":"https:\/\/zzcontigoca.com\/tumeremo\/wp-json\/wp\/v2\/product"}],"about":[{"href":"https:\/\/zzcontigoca.com\/tumeremo\/wp-json\/wp\/v2\/types\/product"}],"replies":[{"embeddable":true,"href":"https:\/\/zzcontigoca.com\/tumeremo\/wp-json\/wp\/v2\/comments?post=21347"}],"wp:featuredmedia":[{"embeddable":true,"href":"https:\/\/zzcontigoca.com\/tumeremo\/wp-json\/wp\/v2\/media\/21390"}],"wp:attachment":[{"href":"https:\/\/zzcontigoca.com\/tumeremo\/wp-json\/wp\/v2\/media?parent=21347"}],"wp:term":[{"taxonomy":"product_cat","embeddable":true,"href":"https:\/\/zzcontigoca.com\/tumeremo\/wp-json\/wp\/v2\/product_cat?post=21347"},{"taxonomy":"product_tag","embeddable":true,"href":"https:\/\/zzcontigoca.com\/tumeremo\/wp-json\/wp\/v2\/product_tag?post=21347"}],"curies":[{"name":"wp","href":"https:\/\/api.w.org\/{rel}","templated":true}]}}