{"id":20881,"date":"2025-08-21T22:35:54","date_gmt":"2025-08-21T20:35:54","guid":{"rendered":"https:\/\/zzcontigoca.com\/tumeremo\/?post_type=product&#038;p=20881"},"modified":"2025-08-21T22:38:52","modified_gmt":"2025-08-21T20:38:52","slug":"cable-y-chupon-de-bujia-azul-auto-asia","status":"publish","type":"product","link":"https:\/\/zzcontigoca.com\/tumeremo\/producto\/cable-y-chupon-de-bujia-azul-auto-asia\/","title":{"rendered":"Cable Y Chup\u00f3n  De Buj\u00eda Azul Auto Asia"},"content":{"rendered":"<p>Cable Y Chup\u00f3n De Buj\u00eda Azul Auto Asia<\/p>\n","protected":false},"excerpt":{"rendered":"<p>Cable Y Chup\u00f3n De Buj\u00eda Azul Auto Asia<\/p>\n","protected":false},"featured_media":20932,"comment_status":"open","ping_status":"closed","template":"","meta":{"inline_featured_image":false},"product_cat":[4157,4196,4136],"product_tag":[4370],"class_list":{"0":"post-20881","1":"product","2":"type-product","3":"status-publish","4":"has-post-thumbnail","6":"product_cat-accesorios-motos","7":"product_cat-repuestos","8":"product_cat-repuestos-para-motos","9":"product_tag-cable-de-bujia","11":"first","12":"outofstock","13":"shipping-taxable","14":"product-type-simple"},"_links":{"self":[{"href":"https:\/\/zzcontigoca.com\/tumeremo\/wp-json\/wp\/v2\/product\/20881","targetHints":{"allow":["GET"]}}],"collection":[{"href":"https:\/\/zzcontigoca.com\/tumeremo\/wp-json\/wp\/v2\/product"}],"about":[{"href":"https:\/\/zzcontigoca.com\/tumeremo\/wp-json\/wp\/v2\/types\/product"}],"replies":[{"embeddable":true,"href":"https:\/\/zzcontigoca.com\/tumeremo\/wp-json\/wp\/v2\/comments?post=20881"}],"wp:featuredmedia":[{"embeddable":true,"href":"https:\/\/zzcontigoca.com\/tumeremo\/wp-json\/wp\/v2\/media\/20932"}],"wp:attachment":[{"href":"https:\/\/zzcontigoca.com\/tumeremo\/wp-json\/wp\/v2\/media?parent=20881"}],"wp:term":[{"taxonomy":"product_cat","embeddable":true,"href":"https:\/\/zzcontigoca.com\/tumeremo\/wp-json\/wp\/v2\/product_cat?post=20881"},{"taxonomy":"product_tag","embeddable":true,"href":"https:\/\/zzcontigoca.com\/tumeremo\/wp-json\/wp\/v2\/product_tag?post=20881"}],"curies":[{"name":"wp","href":"https:\/\/api.w.org\/{rel}","templated":true}]}}