{"id":19674,"date":"2025-08-21T22:01:09","date_gmt":"2025-08-21T20:01:09","guid":{"rendered":"https:\/\/zzcontigoca.com\/tumeremo\/?post_type=product&#038;p=19674"},"modified":"2025-08-21T22:02:46","modified_gmt":"2025-08-21T20:02:46","slug":"porta-telefono-universal-tipo-arana","status":"publish","type":"product","link":"https:\/\/zzcontigoca.com\/tumeremo\/producto\/porta-telefono-universal-tipo-arana\/","title":{"rendered":"Porta Tel\u00e9fono Universal Tipo Ara\u00f1a"},"content":{"rendered":"<p>Porta Tel\u00e9fono Universal Tipo Ara\u00f1a<\/p>\n","protected":false},"excerpt":{"rendered":"<p>Porta Tel\u00e9fono Universal Tipo Ara\u00f1a<\/p>\n","protected":false},"featured_media":19732,"comment_status":"open","ping_status":"closed","template":"","meta":{"inline_featured_image":false},"product_cat":[4157],"product_tag":[4234],"class_list":{"0":"post-19674","1":"product","2":"type-product","3":"status-publish","4":"has-post-thumbnail","6":"product_cat-accesorios-motos","7":"product_tag-porta-telefono","9":"first","10":"instock","11":"shipping-taxable","12":"purchasable","13":"product-type-simple"},"_links":{"self":[{"href":"https:\/\/zzcontigoca.com\/tumeremo\/wp-json\/wp\/v2\/product\/19674","targetHints":{"allow":["GET"]}}],"collection":[{"href":"https:\/\/zzcontigoca.com\/tumeremo\/wp-json\/wp\/v2\/product"}],"about":[{"href":"https:\/\/zzcontigoca.com\/tumeremo\/wp-json\/wp\/v2\/types\/product"}],"replies":[{"embeddable":true,"href":"https:\/\/zzcontigoca.com\/tumeremo\/wp-json\/wp\/v2\/comments?post=19674"}],"wp:featuredmedia":[{"embeddable":true,"href":"https:\/\/zzcontigoca.com\/tumeremo\/wp-json\/wp\/v2\/media\/19732"}],"wp:attachment":[{"href":"https:\/\/zzcontigoca.com\/tumeremo\/wp-json\/wp\/v2\/media?parent=19674"}],"wp:term":[{"taxonomy":"product_cat","embeddable":true,"href":"https:\/\/zzcontigoca.com\/tumeremo\/wp-json\/wp\/v2\/product_cat?post=19674"},{"taxonomy":"product_tag","embeddable":true,"href":"https:\/\/zzcontigoca.com\/tumeremo\/wp-json\/wp\/v2\/product_tag?post=19674"}],"curies":[{"name":"wp","href":"https:\/\/api.w.org\/{rel}","templated":true}]}}