{"id":19392,"date":"2025-08-21T21:52:51","date_gmt":"2025-08-21T19:52:51","guid":{"rendered":"https:\/\/zzcontigoca.com\/tumeremo\/?post_type=product&#038;p=19392"},"modified":"2026-01-29T15:30:07","modified_gmt":"2026-01-29T19:30:07","slug":"mufle-pequeno-negro-con-carbon-zz","status":"publish","type":"product","link":"https:\/\/zzcontigoca.com\/tumeremo\/producto\/mufle-pequeno-negro-con-carbon-zz\/","title":{"rendered":"Mufle Peque\u00f1o Negro Con Carbon ZZ"},"content":{"rendered":"<p>Mufle Peque\u00f1o Negro-Fibra Carb\u00f3n ZZ<\/p>\n","protected":false},"excerpt":{"rendered":"<p>Mufle Peque\u00f1o Negro-Fibra Carb\u00f3n ZZ<\/p>\n","protected":false},"featured_media":19450,"comment_status":"open","ping_status":"closed","template":"","meta":{"inline_featured_image":false},"product_cat":[4157],"product_tag":[4204],"class_list":{"0":"post-19392","1":"product","2":"type-product","3":"status-publish","4":"has-post-thumbnail","6":"product_brand-zz","7":"product_cat-accesorios-motos","8":"product_tag-resonador","10":"first","11":"instock","12":"sale","13":"shipping-taxable","14":"purchasable","15":"product-type-simple"},"_links":{"self":[{"href":"https:\/\/zzcontigoca.com\/tumeremo\/wp-json\/wp\/v2\/product\/19392","targetHints":{"allow":["GET"]}}],"collection":[{"href":"https:\/\/zzcontigoca.com\/tumeremo\/wp-json\/wp\/v2\/product"}],"about":[{"href":"https:\/\/zzcontigoca.com\/tumeremo\/wp-json\/wp\/v2\/types\/product"}],"replies":[{"embeddable":true,"href":"https:\/\/zzcontigoca.com\/tumeremo\/wp-json\/wp\/v2\/comments?post=19392"}],"wp:featuredmedia":[{"embeddable":true,"href":"https:\/\/zzcontigoca.com\/tumeremo\/wp-json\/wp\/v2\/media\/19450"}],"wp:attachment":[{"href":"https:\/\/zzcontigoca.com\/tumeremo\/wp-json\/wp\/v2\/media?parent=19392"}],"wp:term":[{"taxonomy":"product_cat","embeddable":true,"href":"https:\/\/zzcontigoca.com\/tumeremo\/wp-json\/wp\/v2\/product_cat?post=19392"},{"taxonomy":"product_tag","embeddable":true,"href":"https:\/\/zzcontigoca.com\/tumeremo\/wp-json\/wp\/v2\/product_tag?post=19392"}],"curies":[{"name":"wp","href":"https:\/\/api.w.org\/{rel}","templated":true}]}}