{"id":19307,"date":"2025-08-21T21:50:29","date_gmt":"2025-08-21T19:50:29","guid":{"rendered":"https:\/\/zzcontigoca.com\/tumeremo\/?post_type=product&#038;p=19307"},"modified":"2025-08-21T21:52:01","modified_gmt":"2025-08-21T19:52:01","slug":"funda-para-telefono-celular-color-beige","status":"publish","type":"product","link":"https:\/\/zzcontigoca.com\/tumeremo\/producto\/funda-para-telefono-celular-color-beige\/","title":{"rendered":"Funda Para Tel\u00e9fono Celular Color Beige"},"content":{"rendered":"<p>Funda para tel\u00e9fono celular con cintur\u00f3n, tela oxford, adecuada para senderismo, camping, deportes al aire libre.<\/p>\n","protected":false},"excerpt":{"rendered":"<p>Material Resistente . protege tu m\u00f3vil contra golpes , ara\u00f1azos.<\/p>\n<p>NOTA: Puedes adem\u00e1s, almacenar llaves, bol\u00edgrafos, tarjetas, recibo, entre otros. la separaci\u00f3n de sus bolsas evita la fricci\u00f3n entre los objetos.<\/p>\n","protected":false},"featured_media":19357,"comment_status":"open","ping_status":"closed","template":"","meta":{"inline_featured_image":false},"product_cat":[4157],"product_tag":[4173],"class_list":{"0":"post-19307","1":"product","2":"type-product","3":"status-publish","4":"has-post-thumbnail","6":"product_cat-accesorios-motos","7":"product_tag-bolsos","9":"first","10":"instock","11":"shipping-taxable","12":"purchasable","13":"product-type-simple"},"_links":{"self":[{"href":"https:\/\/zzcontigoca.com\/tumeremo\/wp-json\/wp\/v2\/product\/19307","targetHints":{"allow":["GET"]}}],"collection":[{"href":"https:\/\/zzcontigoca.com\/tumeremo\/wp-json\/wp\/v2\/product"}],"about":[{"href":"https:\/\/zzcontigoca.com\/tumeremo\/wp-json\/wp\/v2\/types\/product"}],"replies":[{"embeddable":true,"href":"https:\/\/zzcontigoca.com\/tumeremo\/wp-json\/wp\/v2\/comments?post=19307"}],"wp:featuredmedia":[{"embeddable":true,"href":"https:\/\/zzcontigoca.com\/tumeremo\/wp-json\/wp\/v2\/media\/19357"}],"wp:attachment":[{"href":"https:\/\/zzcontigoca.com\/tumeremo\/wp-json\/wp\/v2\/media?parent=19307"}],"wp:term":[{"taxonomy":"product_cat","embeddable":true,"href":"https:\/\/zzcontigoca.com\/tumeremo\/wp-json\/wp\/v2\/product_cat?post=19307"},{"taxonomy":"product_tag","embeddable":true,"href":"https:\/\/zzcontigoca.com\/tumeremo\/wp-json\/wp\/v2\/product_tag?post=19307"}],"curies":[{"name":"wp","href":"https:\/\/api.w.org\/{rel}","templated":true}]}}