{"id":19306,"date":"2025-08-21T21:50:28","date_gmt":"2025-08-21T19:50:28","guid":{"rendered":"https:\/\/zzcontigoca.com\/tumeremo\/?post_type=product&#038;p=19306"},"modified":"2025-08-21T21:51:58","modified_gmt":"2025-08-21T19:51:58","slug":"bolso-de-cintura-multifuncional-color-verde","status":"publish","type":"product","link":"https:\/\/zzcontigoca.com\/tumeremo\/producto\/bolso-de-cintura-multifuncional-color-verde\/","title":{"rendered":"Bolso De Cintura Multifuncional Color Verde"},"content":{"rendered":"<p>Bolso de cintura de cuero sint\u00e9tico Multifunci\u00f3n, bolso informal para tel\u00e9fono m\u00f3vil, cintur\u00f3n deportivo<\/p>\n","protected":false},"excerpt":{"rendered":"<p>Bolso De Cintura Multifuncional Color Verde<\/p>\n","protected":false},"featured_media":19356,"comment_status":"open","ping_status":"closed","template":"","meta":{"inline_featured_image":false},"product_cat":[4157],"product_tag":[4173],"class_list":{"0":"post-19306","1":"product","2":"type-product","3":"status-publish","4":"has-post-thumbnail","6":"product_cat-accesorios-motos","7":"product_tag-bolsos","9":"first","10":"instock","11":"shipping-taxable","12":"purchasable","13":"product-type-simple"},"_links":{"self":[{"href":"https:\/\/zzcontigoca.com\/tumeremo\/wp-json\/wp\/v2\/product\/19306","targetHints":{"allow":["GET"]}}],"collection":[{"href":"https:\/\/zzcontigoca.com\/tumeremo\/wp-json\/wp\/v2\/product"}],"about":[{"href":"https:\/\/zzcontigoca.com\/tumeremo\/wp-json\/wp\/v2\/types\/product"}],"replies":[{"embeddable":true,"href":"https:\/\/zzcontigoca.com\/tumeremo\/wp-json\/wp\/v2\/comments?post=19306"}],"wp:featuredmedia":[{"embeddable":true,"href":"https:\/\/zzcontigoca.com\/tumeremo\/wp-json\/wp\/v2\/media\/19356"}],"wp:attachment":[{"href":"https:\/\/zzcontigoca.com\/tumeremo\/wp-json\/wp\/v2\/media?parent=19306"}],"wp:term":[{"taxonomy":"product_cat","embeddable":true,"href":"https:\/\/zzcontigoca.com\/tumeremo\/wp-json\/wp\/v2\/product_cat?post=19306"},{"taxonomy":"product_tag","embeddable":true,"href":"https:\/\/zzcontigoca.com\/tumeremo\/wp-json\/wp\/v2\/product_tag?post=19306"}],"curies":[{"name":"wp","href":"https:\/\/api.w.org\/{rel}","templated":true}]}}