{"id":19296,"date":"2025-08-21T21:50:28","date_gmt":"2025-08-21T19:50:28","guid":{"rendered":"https:\/\/zzcontigoca.com\/tumeremo\/?post_type=product&#038;p=19296"},"modified":"2025-08-21T21:51:25","modified_gmt":"2025-08-21T19:51:25","slug":"bolso-koala-color-negro-camuflado","status":"publish","type":"product","link":"https:\/\/zzcontigoca.com\/tumeremo\/producto\/bolso-koala-color-negro-camuflado\/","title":{"rendered":"Bolso Koala Color Negro Camuflado"},"content":{"rendered":"<p>Hecha de nailon resistente al agua, cremallera de alta calidad, cintur\u00f3n ajustable, hebilla de liberaci\u00f3n r\u00e1pida.<\/p>\n","protected":false},"excerpt":{"rendered":"<p>Bolso Koala Color Negro Camuflado,<\/p>\n","protected":false},"featured_media":19339,"comment_status":"open","ping_status":"closed","template":"","meta":{"inline_featured_image":false},"product_cat":[4157],"product_tag":[4173],"class_list":{"0":"post-19296","1":"product","2":"type-product","3":"status-publish","4":"has-post-thumbnail","6":"product_cat-accesorios-motos","7":"product_tag-bolsos","9":"first","10":"instock","11":"shipping-taxable","12":"purchasable","13":"product-type-simple"},"_links":{"self":[{"href":"https:\/\/zzcontigoca.com\/tumeremo\/wp-json\/wp\/v2\/product\/19296","targetHints":{"allow":["GET"]}}],"collection":[{"href":"https:\/\/zzcontigoca.com\/tumeremo\/wp-json\/wp\/v2\/product"}],"about":[{"href":"https:\/\/zzcontigoca.com\/tumeremo\/wp-json\/wp\/v2\/types\/product"}],"replies":[{"embeddable":true,"href":"https:\/\/zzcontigoca.com\/tumeremo\/wp-json\/wp\/v2\/comments?post=19296"}],"wp:featuredmedia":[{"embeddable":true,"href":"https:\/\/zzcontigoca.com\/tumeremo\/wp-json\/wp\/v2\/media\/19339"}],"wp:attachment":[{"href":"https:\/\/zzcontigoca.com\/tumeremo\/wp-json\/wp\/v2\/media?parent=19296"}],"wp:term":[{"taxonomy":"product_cat","embeddable":true,"href":"https:\/\/zzcontigoca.com\/tumeremo\/wp-json\/wp\/v2\/product_cat?post=19296"},{"taxonomy":"product_tag","embeddable":true,"href":"https:\/\/zzcontigoca.com\/tumeremo\/wp-json\/wp\/v2\/product_tag?post=19296"}],"curies":[{"name":"wp","href":"https:\/\/api.w.org\/{rel}","templated":true}]}}