{"id":9231,"date":"2024-11-02T08:17:10","date_gmt":"2024-11-02T12:17:10","guid":{"rendered":"https:\/\/zzcontigoca.com\/guasipati\/?post_type=product&#038;p=9231"},"modified":"2024-11-21T11:38:52","modified_gmt":"2024-11-21T15:38:52","slug":"cables-de-bujia-orinoco-a3-silicon-reforzado-cmp","status":"publish","type":"product","link":"https:\/\/zzcontigoca.com\/guasipati\/product\/cables-de-bujia-orinoco-a3-silicon-reforzado-cmp\/","title":{"rendered":"CABLES DE BUJ\u00cdA ORINOCO A3 (SILIC\u00d3N REFORZADO) CMP"},"content":{"rendered":"<p>CABLES DE BUJ\u00cdA ORINOCO A3 (SILIC\u00d3N REFORZADO) CMP<\/p>\n<p>COD 37071<\/p>\n<p>CMP-A11-3707130HA<\/p>\n","protected":false},"excerpt":{"rendered":"<p>CABLES DE BUJ\u00cdA ORINOCO A3 (SILIC\u00d3N REFORZADO) CMP<\/p>\n<p>COD 37071<\/p>\n<p>CMP-A11-3707130HA<\/p>\n","protected":false},"featured_media":0,"template":"","meta":{"inline_featured_image":false},"product_cat":[114],"product_tag":[449],"class_list":{"0":"post-9231","1":"product","2":"type-product","3":"status-publish","5":"product_brand-cmp","6":"product_cat-repuestos-para-carro","7":"product_tag-cables-de-bujia","8":"_wholesalex wsx-wholesalex-product","10":"first","11":"instock","12":"taxable","13":"shipping-taxable","14":"purchasable","15":"product-type-simple"},"jetpack_sharing_enabled":true,"_links":{"self":[{"href":"https:\/\/zzcontigoca.com\/guasipati\/wp-json\/wp\/v2\/product\/9231","targetHints":{"allow":["GET"]}}],"collection":[{"href":"https:\/\/zzcontigoca.com\/guasipati\/wp-json\/wp\/v2\/product"}],"about":[{"href":"https:\/\/zzcontigoca.com\/guasipati\/wp-json\/wp\/v2\/types\/product"}],"wp:attachment":[{"href":"https:\/\/zzcontigoca.com\/guasipati\/wp-json\/wp\/v2\/media?parent=9231"}],"wp:term":[{"taxonomy":"product_cat","embeddable":true,"href":"https:\/\/zzcontigoca.com\/guasipati\/wp-json\/wp\/v2\/product_cat?post=9231"},{"taxonomy":"product_tag","embeddable":true,"href":"https:\/\/zzcontigoca.com\/guasipati\/wp-json\/wp\/v2\/product_tag?post=9231"}],"curies":[{"name":"wp","href":"https:\/\/api.w.org\/{rel}","templated":true}]}}