{"id":30919,"date":"2025-11-11T08:42:12","date_gmt":"2025-11-11T12:42:12","guid":{"rendered":"https:\/\/zzcontigoca.com\/guasipati\/?post_type=product&#038;p=30919"},"modified":"2025-11-11T08:42:52","modified_gmt":"2025-11-11T12:42:52","slug":"pinon-ciguenal-optra-desing-ancov","status":"publish","type":"product","link":"https:\/\/zzcontigoca.com\/guasipati\/product\/pinon-ciguenal-optra-desing-ancov\/","title":{"rendered":"PI\u00d1ON CIGUE\u00d1AL OPTRA DESING ANCOV"},"content":{"rendered":"<p>PI\u00d1ON CIGUE\u00d1AL OPTRA DESING ANCOV<\/p>\n<p>COD 138677<\/p>\n<p>AV-96413867<\/p>\n","protected":false},"excerpt":{"rendered":"<p>PI\u00d1ON CIGUE\u00d1AL OPTRA DESING ANCOV<\/p>\n<p>COD 138677<\/p>\n<p>AV-96413867<\/p>\n","protected":false},"featured_media":0,"template":"","meta":{"inline_featured_image":false},"product_cat":[114],"product_tag":[161],"class_list":{"0":"post-30919","1":"product","2":"type-product","3":"status-publish","5":"product_brand-ancov","6":"product_cat-repuestos-para-carro","7":"product_tag-pinon","8":"_wholesalex wsx-wholesalex-product","10":"first","11":"instock","12":"taxable","13":"shipping-taxable","14":"purchasable","15":"product-type-simple"},"jetpack_sharing_enabled":true,"_links":{"self":[{"href":"https:\/\/zzcontigoca.com\/guasipati\/wp-json\/wp\/v2\/product\/30919","targetHints":{"allow":["GET"]}}],"collection":[{"href":"https:\/\/zzcontigoca.com\/guasipati\/wp-json\/wp\/v2\/product"}],"about":[{"href":"https:\/\/zzcontigoca.com\/guasipati\/wp-json\/wp\/v2\/types\/product"}],"wp:attachment":[{"href":"https:\/\/zzcontigoca.com\/guasipati\/wp-json\/wp\/v2\/media?parent=30919"}],"wp:term":[{"taxonomy":"product_cat","embeddable":true,"href":"https:\/\/zzcontigoca.com\/guasipati\/wp-json\/wp\/v2\/product_cat?post=30919"},{"taxonomy":"product_tag","embeddable":true,"href":"https:\/\/zzcontigoca.com\/guasipati\/wp-json\/wp\/v2\/product_tag?post=30919"}],"curies":[{"name":"wp","href":"https:\/\/api.w.org\/{rel}","templated":true}]}}