{"id":19351,"date":"2025-05-03T11:05:18","date_gmt":"2025-05-03T15:05:18","guid":{"rendered":"https:\/\/zzcontigoca.com\/guasipati\/?post_type=product&#038;p=19351"},"modified":"2025-10-25T16:04:59","modified_gmt":"2025-10-25T20:04:59","slug":"ciguenal-zz-gy6-sakiwa","status":"publish","type":"product","link":"https:\/\/zzcontigoca.com\/guasipati\/product\/ciguenal-zz-gy6-sakiwa\/","title":{"rendered":"CIG\u00dcE\u00d1AL ZZ-GY6 SAKIWA"},"content":{"rendered":"<p>CIG\u00dcE\u00d1AL ZZ-GY6 SAKIWA<\/p>\n<p>COD 25789<\/p>\n<p>SK-0427<\/p>\n","protected":false},"excerpt":{"rendered":"<p>CIG\u00dcE\u00d1AL ZZ-GY6 SAKIWA<\/p>\n<p>COD 25789<\/p>\n<p>SK-0427<\/p>\n","protected":false},"featured_media":0,"template":"","meta":{"inline_featured_image":false},"product_cat":[115],"product_tag":[209],"class_list":{"0":"post-19351","1":"product","2":"type-product","3":"status-publish","5":"product_brand-sakiwa","6":"product_cat-repuestos-para-motos","7":"product_tag-ciguenal","8":"_wholesalex wsx-wholesalex-product","10":"first","11":"outofstock","12":"taxable","13":"shipping-taxable","14":"purchasable","15":"product-type-simple"},"jetpack_sharing_enabled":true,"_links":{"self":[{"href":"https:\/\/zzcontigoca.com\/guasipati\/wp-json\/wp\/v2\/product\/19351","targetHints":{"allow":["GET"]}}],"collection":[{"href":"https:\/\/zzcontigoca.com\/guasipati\/wp-json\/wp\/v2\/product"}],"about":[{"href":"https:\/\/zzcontigoca.com\/guasipati\/wp-json\/wp\/v2\/types\/product"}],"wp:attachment":[{"href":"https:\/\/zzcontigoca.com\/guasipati\/wp-json\/wp\/v2\/media?parent=19351"}],"wp:term":[{"taxonomy":"product_cat","embeddable":true,"href":"https:\/\/zzcontigoca.com\/guasipati\/wp-json\/wp\/v2\/product_cat?post=19351"},{"taxonomy":"product_tag","embeddable":true,"href":"https:\/\/zzcontigoca.com\/guasipati\/wp-json\/wp\/v2\/product_tag?post=19351"}],"curies":[{"name":"wp","href":"https:\/\/api.w.org\/{rel}","templated":true}]}}