{"id":17972,"date":"2025-04-07T11:43:36","date_gmt":"2025-04-07T15:43:36","guid":{"rendered":"https:\/\/zzcontigoca.com\/guasipati\/?post_type=product&#038;p=17972"},"modified":"2025-11-22T17:15:47","modified_gmt":"2025-11-22T21:15:47","slug":"pinon-ciguenal-zz-cg150-lyz","status":"publish","type":"product","link":"https:\/\/zzcontigoca.com\/guasipati\/product\/pinon-ciguenal-zz-cg150-lyz\/","title":{"rendered":"PI\u00d1ON CIGUE\u00d1AL ZZ-CG150 LYZ"},"content":{"rendered":"<p>PI\u00d1ON CIGUE\u00d1AL ZZ-CG150 LYZ<\/p>\n<p>COD 24987<\/p>\n<p>&nbsp;<\/p>\n","protected":false},"excerpt":{"rendered":"<p>PI\u00d1ON CIGUE\u00d1AL ZZ-CG150 LYZ<\/p>\n<p>COD 24987<\/p>\n<p>&nbsp;<\/p>\n","protected":false},"featured_media":0,"template":"","meta":{"inline_featured_image":false},"product_cat":[115],"product_tag":[161],"class_list":{"0":"post-17972","1":"product","2":"type-product","3":"status-publish","5":"product_brand-l-z","6":"product_cat-repuestos-para-motos","7":"product_tag-pinon","8":"_wholesalex wsx-wholesalex-product","10":"first","11":"outofstock","12":"taxable","13":"shipping-taxable","14":"purchasable","15":"product-type-simple"},"jetpack_sharing_enabled":true,"_links":{"self":[{"href":"https:\/\/zzcontigoca.com\/guasipati\/wp-json\/wp\/v2\/product\/17972","targetHints":{"allow":["GET"]}}],"collection":[{"href":"https:\/\/zzcontigoca.com\/guasipati\/wp-json\/wp\/v2\/product"}],"about":[{"href":"https:\/\/zzcontigoca.com\/guasipati\/wp-json\/wp\/v2\/types\/product"}],"wp:attachment":[{"href":"https:\/\/zzcontigoca.com\/guasipati\/wp-json\/wp\/v2\/media?parent=17972"}],"wp:term":[{"taxonomy":"product_cat","embeddable":true,"href":"https:\/\/zzcontigoca.com\/guasipati\/wp-json\/wp\/v2\/product_cat?post=17972"},{"taxonomy":"product_tag","embeddable":true,"href":"https:\/\/zzcontigoca.com\/guasipati\/wp-json\/wp\/v2\/product_tag?post=17972"}],"curies":[{"name":"wp","href":"https:\/\/api.w.org\/{rel}","templated":true}]}}