{"id":17971,"date":"2025-04-07T11:40:10","date_gmt":"2025-04-07T15:40:10","guid":{"rendered":"https:\/\/zzcontigoca.com\/guasipati\/?post_type=product&#038;p=17971"},"modified":"2026-03-03T13:22:48","modified_gmt":"2026-03-03T17:22:48","slug":"pinon-de-ciguenal-cuna-zz-h1-mcy","status":"publish","type":"product","link":"https:\/\/zzcontigoca.com\/guasipati\/product\/pinon-de-ciguenal-cuna-zz-h1-mcy\/","title":{"rendered":"PI\u00d1ON DE CIGUE\u00d1AL (CU\u00d1A) ZZ-H1 MCY"},"content":{"rendered":"<p>PI\u00d1ON DE CIGUE\u00d1AL (CU\u00d1A) ZZ-H1 MCY<\/p>\n<p>COD 47447<\/p>\n<p>&nbsp;<\/p>\n","protected":false},"excerpt":{"rendered":"<p>PI\u00d1ON DE CIGUE\u00d1AL (CU\u00d1A) ZZ-H1 MCY<\/p>\n<p>COD 47447<\/p>\n<p>&nbsp;<\/p>\n","protected":false},"featured_media":0,"template":"","meta":{"inline_featured_image":false},"product_cat":[115],"product_tag":[161],"class_list":{"0":"post-17971","1":"product","2":"type-product","3":"status-publish","5":"product_brand-mcy","6":"product_cat-repuestos-para-motos","7":"product_tag-pinon","8":"_wholesalex wsx-wholesalex-product","10":"first","11":"instock","12":"taxable","13":"shipping-taxable","14":"purchasable","15":"product-type-simple"},"jetpack_sharing_enabled":true,"_links":{"self":[{"href":"https:\/\/zzcontigoca.com\/guasipati\/wp-json\/wp\/v2\/product\/17971","targetHints":{"allow":["GET"]}}],"collection":[{"href":"https:\/\/zzcontigoca.com\/guasipati\/wp-json\/wp\/v2\/product"}],"about":[{"href":"https:\/\/zzcontigoca.com\/guasipati\/wp-json\/wp\/v2\/types\/product"}],"wp:attachment":[{"href":"https:\/\/zzcontigoca.com\/guasipati\/wp-json\/wp\/v2\/media?parent=17971"}],"wp:term":[{"taxonomy":"product_cat","embeddable":true,"href":"https:\/\/zzcontigoca.com\/guasipati\/wp-json\/wp\/v2\/product_cat?post=17971"},{"taxonomy":"product_tag","embeddable":true,"href":"https:\/\/zzcontigoca.com\/guasipati\/wp-json\/wp\/v2\/product_tag?post=17971"}],"curies":[{"name":"wp","href":"https:\/\/api.w.org\/{rel}","templated":true}]}}