{"id":11909,"date":"2024-12-07T10:03:59","date_gmt":"2024-12-07T14:03:59","guid":{"rendered":"https:\/\/zzcontigoca.com\/guasipati\/?post_type=product&#038;p=11909"},"modified":"2024-12-07T10:04:15","modified_gmt":"2024-12-07T14:04:15","slug":"modulo-gasolina-completo-ford-triton-5-4-f250-f350-f450-ford","status":"publish","type":"product","link":"https:\/\/zzcontigoca.com\/guasipati\/product\/modulo-gasolina-completo-ford-triton-5-4-f250-f350-f450-ford\/","title":{"rendered":"M\u00d3DULO GASOLINA COMPLETO FORD TRIT\u00d3N 5.4 F250 F350 F450 FORD"},"content":{"rendered":"<p>M\u00d3DULO GASOLINA COMPLETO FORD TRIT\u00d3N 5.4 F250 F350 F450 FORD<\/p>\n<p>COD 002687<\/p>\n<p>7C3Z-9H307A<\/p>\n","protected":false},"excerpt":{"rendered":"<p>M\u00d3DULO GASOLINA COMPLETO FORD TRIT\u00d3N 5.4 F250 F350 F450 FORD<\/p>\n<p>COD 002687<\/p>\n<p>7C3Z-9H307A<\/p>\n","protected":false},"featured_media":0,"template":"","meta":{"inline_featured_image":false},"product_cat":[114],"product_tag":[580],"class_list":{"0":"post-11909","1":"product","2":"type-product","3":"status-publish","5":"product_brand-ford","6":"product_cat-repuestos-para-carro","7":"product_tag-modulo-gasolina","8":"_wholesalex wsx-wholesalex-product","10":"first","11":"instock","12":"taxable","13":"shipping-taxable","14":"purchasable","15":"product-type-simple"},"jetpack_sharing_enabled":true,"_links":{"self":[{"href":"https:\/\/zzcontigoca.com\/guasipati\/wp-json\/wp\/v2\/product\/11909","targetHints":{"allow":["GET"]}}],"collection":[{"href":"https:\/\/zzcontigoca.com\/guasipati\/wp-json\/wp\/v2\/product"}],"about":[{"href":"https:\/\/zzcontigoca.com\/guasipati\/wp-json\/wp\/v2\/types\/product"}],"wp:attachment":[{"href":"https:\/\/zzcontigoca.com\/guasipati\/wp-json\/wp\/v2\/media?parent=11909"}],"wp:term":[{"taxonomy":"product_cat","embeddable":true,"href":"https:\/\/zzcontigoca.com\/guasipati\/wp-json\/wp\/v2\/product_cat?post=11909"},{"taxonomy":"product_tag","embeddable":true,"href":"https:\/\/zzcontigoca.com\/guasipati\/wp-json\/wp\/v2\/product_tag?post=11909"}],"curies":[{"name":"wp","href":"https:\/\/api.w.org\/{rel}","templated":true}]}}